{"id":9578,"date":"2025-04-30T09:53:48","date_gmt":"2025-04-30T07:53:48","guid":{"rendered":"http:\/\/188.165.37.94\/terms-of-use\/"},"modified":"2025-10-21T10:33:28","modified_gmt":"2025-10-21T08:33:28","slug":"terms-of-use","status":"publish","type":"page","link":"https:\/\/gregori-international.com\/en\/terms-of-use\/","title":{"rendered":"Terms of use"},"content":{"rendered":"\t\t<div data-elementor-type=\"wp-page\" data-elementor-id=\"9578\" class=\"elementor elementor-9578 elementor-923\" data-elementor-post-type=\"page\">\n\t\t\t\t<div class=\"elementor-element elementor-element-e22415e e-con-full e-flex e-con e-parent\" data-id=\"e22415e\" data-element_type=\"container\" data-e-type=\"container\" data-settings=\"{&quot;background_background&quot;:&quot;classic&quot;}\">\n\t\t<div class=\"elementor-element elementor-element-e32ea02 e-con-full e-flex e-con e-child\" data-id=\"e32ea02\" data-element_type=\"container\" data-e-type=\"container\">\n\t\t\t\t<div class=\"elementor-element elementor-element-9281f72 elementor-align-left elementor-widget elementor-widget-breadcrumbs\" data-id=\"9281f72\" data-element_type=\"widget\" data-e-type=\"widget\" data-widget_type=\"breadcrumbs.default\">\n\t\t\t\t<div class=\"elementor-widget-container\">\n\t\t\t\t\t<p id=\"breadcrumbs\"><span><span><a href=\"https:\/\/gregori-international.com\/en\/\">Home<\/a><\/span><\/span><\/p>\t\t\t\t<\/div>\n\t\t\t\t<\/div>\n\t\t\t\t<div class=\"elementor-element elementor-element-bbbd639 h1-spanblack elementor-widget elementor-widget-heading\" data-id=\"bbbd639\" data-element_type=\"widget\" data-e-type=\"widget\" data-widget_type=\"heading.default\">\n\t\t\t\t<div class=\"elementor-widget-container\">\n\t\t\t\t\t<h1 class=\"elementor-heading-title elementor-size-default\"><span>Legal <\/span><br>notices<\/h1>\t\t\t\t<\/div>\n\t\t\t\t<\/div>\n\t\t\t\t<div class=\"elementor-element elementor-element-7ce6a2a elementor-widget elementor-widget-text-editor\" data-id=\"7ce6a2a\" data-element_type=\"widget\" data-e-type=\"widget\" data-widget_type=\"text-editor.default\">\n\t\t\t\t<div class=\"elementor-widget-container\">\n\t\t\t\t\t\t\t\t\t<p data-start=\"555\" data-end=\"1376\">The <strong data-start=\"585\" data-end=\"610\">Gregori International<\/strong> website (<a class=\"decorated-link cursor-pointer\" target=\"_new\" rel=\"noopener\" data-start=\"612\" data-end=\"641\">www.gregori-international.com<\/a>) is published by Gregori International: tree structure design, page construction, content integration, reference integration, photo selection, retouching and optimisation, technical optimisation. AgoraVita provided the following services only: creation of page templates inspired by the existing artistic direction, translation of the website into English.<\/p><p data-start=\"555\" data-end=\"1376\"> <br data-start=\"658\" data-end=\"661\"><strong data-start=\"661\" data-end=\"686\">Company name:<\/strong> Gregori International<br data-start=\"708\" data-end=\"711\"><strong data-start=\"711\" data-end=\"732\">Legal form:<\/strong> Soci\u00e9t\u00e9 anonyme \u00e0 conseil d&#8217;administration<br data-start=\"853\" data-end=\"856\"><strong data-start=\"907\" data-end=\"925\">Registered office:<\/strong> 6 bis Route M\u00e9tropolitaine 820, Saint-Jory 31790, FRANCE <br data-start=\"960\" data-end=\"963\"><strong data-start=\"963\" data-end=\"988\">Telephone number:<\/strong> +33 (0) 5 62 79 93 00<br data-start=\"1008\" data-end=\"1011\"><strong data-start=\"1011\" data-end=\"1031\">E-mail address:<\/strong> gregori@gregori-international.com<br data-start=\"1058\" data-end=\"1061\"><strong data-start=\"1061\" data-end=\"1078\">RCS \/ City:<\/strong> 710 803 107 R.C.S. Toulouse<br data-start=\"1128\" data-end=\"1131\"><br><\/p><p data-start=\"1378\" data-end=\"1742\"><strong data-start=\"1378\" data-end=\"1408\">Intellectual property:<\/strong><br data-start=\"1408\" data-end=\"1411\">The content of this website (text, images, logos, graphics, etc.) is protected by French and international intellectual property laws. Any reproduction, representation, modification, publication or adaptation of all or part of the content without the prior authorisation of Gregori International is prohibited.<\/p><p data-start=\"1744\" data-end=\"2060\"><strong data-start=\"1744\" data-end=\"1764\">Responsibility:<\/strong><br data-start=\"1764\" data-end=\"1767\">Gregori International endeavours to ensure the accuracy of the information provided on its website. However, errors or omissions may occur. Gregori International cannot be held liable for any use that may be made of the information provided on the website.<\/p>\t\t\t\t\t\t\t\t<\/div>\n\t\t\t\t<\/div>\n\t\t\t\t<\/div>\n\t\t\t\t<\/div>\n\t\t\t\t<\/div>\n\t\t","protected":false},"excerpt":{"rendered":"<p>Legal notices The Gregori International website (www.gregori-international.com) is published by Gregori International: tree structure design, page construction, content integration, reference integration, photo selection, retouching and optimisation, technical optimisation. AgoraVita provided the following services only: creation of page templates inspired by the existing artistic direction, translation of the website into English. Company name: Gregori InternationalLegal form: [&hellip;]<\/p>\n","protected":false},"author":1,"featured_media":0,"parent":0,"menu_order":21,"comment_status":"closed","ping_status":"closed","template":"","meta":{"_acf_changed":false,"footnotes":""},"class_list":["post-9578","page","type-page","status-publish","hentry"],"acf":[],"yoast_head":"<!-- This site is optimized with the Yoast SEO plugin v27.0 - https:\/\/yoast.com\/product\/yoast-seo-wordpress\/ -->\n<title>Terms of use - Gregori International<\/title>\n<meta name=\"robots\" content=\"index, follow, max-snippet:-1, max-image-preview:large, max-video-preview:-1\" \/>\n<link rel=\"canonical\" href=\"https:\/\/gregori-international.com\/en\/terms-of-use\/\" \/>\n<meta property=\"og:locale\" content=\"en_US\" \/>\n<meta property=\"og:type\" content=\"article\" \/>\n<meta property=\"og:title\" content=\"Terms of use - Gregori International\" \/>\n<meta property=\"og:description\" content=\"Legal notices The Gregori International website (www.gregori-international.com) is published by Gregori International: tree structure design, page construction, content integration, reference integration, photo selection, retouching and optimisation, technical optimisation. AgoraVita provided the following services only: creation of page templates inspired by the existing artistic direction, translation of the website into English. Company name: Gregori InternationalLegal form: [&hellip;]\" \/>\n<meta property=\"og:url\" content=\"https:\/\/gregori-international.com\/en\/terms-of-use\/\" \/>\n<meta property=\"og:site_name\" content=\"Gregori International\" \/>\n<meta property=\"article:modified_time\" content=\"2025-10-21T08:33:28+00:00\" \/>\n<meta name=\"twitter:card\" content=\"summary_large_image\" \/>\n<meta name=\"twitter:label1\" content=\"Est. reading time\" \/>\n\t<meta name=\"twitter:data1\" content=\"1 minute\" \/>\n<script type=\"application\/ld+json\" class=\"yoast-schema-graph\">{\"@context\":\"https:\/\/schema.org\",\"@graph\":[{\"@type\":\"WebPage\",\"@id\":\"https:\/\/gregori-international.com\/en\/terms-of-use\/\",\"url\":\"https:\/\/gregori-international.com\/en\/terms-of-use\/\",\"name\":\"Terms of use - Gregori International\",\"isPartOf\":{\"@id\":\"https:\/\/gregori-international.com\/en\/#website\"},\"datePublished\":\"2025-04-30T07:53:48+00:00\",\"dateModified\":\"2025-10-21T08:33:28+00:00\",\"breadcrumb\":{\"@id\":\"https:\/\/gregori-international.com\/en\/terms-of-use\/#breadcrumb\"},\"inLanguage\":\"en-US\",\"potentialAction\":[{\"@type\":\"ReadAction\",\"target\":[\"https:\/\/gregori-international.com\/en\/terms-of-use\/\"]}]},{\"@type\":\"BreadcrumbList\",\"@id\":\"https:\/\/gregori-international.com\/en\/terms-of-use\/#breadcrumb\",\"itemListElement\":[{\"@type\":\"ListItem\",\"position\":1,\"name\":\"Home\",\"item\":\"https:\/\/gregori-international.com\/en\/\"},{\"@type\":\"ListItem\",\"position\":2,\"name\":\"Terms of use\"}]},{\"@type\":\"WebSite\",\"@id\":\"https:\/\/gregori-international.com\/en\/#website\",\"url\":\"https:\/\/gregori-international.com\/en\/\",\"name\":\"Gregori International\",\"description\":\"\",\"potentialAction\":[{\"@type\":\"SearchAction\",\"target\":{\"@type\":\"EntryPoint\",\"urlTemplate\":\"https:\/\/gregori-international.com\/en\/?s={search_term_string}\"},\"query-input\":{\"@type\":\"PropertyValueSpecification\",\"valueRequired\":true,\"valueName\":\"search_term_string\"}}],\"inLanguage\":\"en-US\"}]}<\/script>\n<!-- \/ Yoast SEO plugin. -->","yoast_head_json":{"title":"Terms of use - Gregori International","robots":{"index":"index","follow":"follow","max-snippet":"max-snippet:-1","max-image-preview":"max-image-preview:large","max-video-preview":"max-video-preview:-1"},"canonical":"https:\/\/gregori-international.com\/en\/terms-of-use\/","og_locale":"en_US","og_type":"article","og_title":"Terms of use - Gregori International","og_description":"Legal notices The Gregori International website (www.gregori-international.com) is published by Gregori International: tree structure design, page construction, content integration, reference integration, photo selection, retouching and optimisation, technical optimisation. AgoraVita provided the following services only: creation of page templates inspired by the existing artistic direction, translation of the website into English. Company name: Gregori InternationalLegal form: [&hellip;]","og_url":"https:\/\/gregori-international.com\/en\/terms-of-use\/","og_site_name":"Gregori International","article_modified_time":"2025-10-21T08:33:28+00:00","twitter_card":"summary_large_image","twitter_misc":{"Est. reading time":"1 minute"},"schema":{"@context":"https:\/\/schema.org","@graph":[{"@type":"WebPage","@id":"https:\/\/gregori-international.com\/en\/terms-of-use\/","url":"https:\/\/gregori-international.com\/en\/terms-of-use\/","name":"Terms of use - Gregori International","isPartOf":{"@id":"https:\/\/gregori-international.com\/en\/#website"},"datePublished":"2025-04-30T07:53:48+00:00","dateModified":"2025-10-21T08:33:28+00:00","breadcrumb":{"@id":"https:\/\/gregori-international.com\/en\/terms-of-use\/#breadcrumb"},"inLanguage":"en-US","potentialAction":[{"@type":"ReadAction","target":["https:\/\/gregori-international.com\/en\/terms-of-use\/"]}]},{"@type":"BreadcrumbList","@id":"https:\/\/gregori-international.com\/en\/terms-of-use\/#breadcrumb","itemListElement":[{"@type":"ListItem","position":1,"name":"Home","item":"https:\/\/gregori-international.com\/en\/"},{"@type":"ListItem","position":2,"name":"Terms of use"}]},{"@type":"WebSite","@id":"https:\/\/gregori-international.com\/en\/#website","url":"https:\/\/gregori-international.com\/en\/","name":"Gregori International","description":"","potentialAction":[{"@type":"SearchAction","target":{"@type":"EntryPoint","urlTemplate":"https:\/\/gregori-international.com\/en\/?s={search_term_string}"},"query-input":{"@type":"PropertyValueSpecification","valueRequired":true,"valueName":"search_term_string"}}],"inLanguage":"en-US"}]}},"_links":{"self":[{"href":"https:\/\/gregori-international.com\/en\/wp-json\/wp\/v2\/pages\/9578","targetHints":{"allow":["GET"]}}],"collection":[{"href":"https:\/\/gregori-international.com\/en\/wp-json\/wp\/v2\/pages"}],"about":[{"href":"https:\/\/gregori-international.com\/en\/wp-json\/wp\/v2\/types\/page"}],"author":[{"embeddable":true,"href":"https:\/\/gregori-international.com\/en\/wp-json\/wp\/v2\/users\/1"}],"replies":[{"embeddable":true,"href":"https:\/\/gregori-international.com\/en\/wp-json\/wp\/v2\/comments?post=9578"}],"version-history":[{"count":4,"href":"https:\/\/gregori-international.com\/en\/wp-json\/wp\/v2\/pages\/9578\/revisions"}],"predecessor-version":[{"id":10608,"href":"https:\/\/gregori-international.com\/en\/wp-json\/wp\/v2\/pages\/9578\/revisions\/10608"}],"wp:attachment":[{"href":"https:\/\/gregori-international.com\/en\/wp-json\/wp\/v2\/media?parent=9578"}],"curies":[{"name":"wp","href":"https:\/\/api.w.org\/{rel}","templated":true}]}}